{"id":998,"date":"2021-05-27T10:23:36","date_gmt":"2021-05-27T09:23:36","guid":{"rendered":"https:\/\/kaiseringenieure.de\/?page_id=998"},"modified":"2021-05-28T07:57:05","modified_gmt":"2021-05-28T06:57:05","slug":"2020-2","status":"publish","type":"page","link":"https:\/\/kaiseringenieure.de\/?page_id=998","title":{"rendered":"2020"},"content":{"rendered":"<ul>\n<li>&#8222;Anforderungen an Wartung, Pflege und Instandhaltung&#8220;, Artikel im Fachmagazin &#8222;B_I galabau&#8220;, Kiel, 15.02.2020<\/li>\n<li>&#8222;\u00dcberflutungsgefahr? \u2013 Wie die Entw\u00e4sserung von Freifl\u00e4chen und Geb\u00e4uden auch bei gro\u00dfen Regenmengen gesichert werden kann&#8220;, Artikel in Fachzeitschrift &#8222;der bauschaden&#8220;, Merching, 06.2020<\/li>\n<li>&#8222;The Potentials and Risks of Wadis in Cities in the Gulf Region<span class=\"BookTitle\">&#8222;, Kapitel in &#8222;Handbook of Quality of Life and Sustainability&#8220;, 31.10.2020<\/span><\/li>\n<\/ul>\n","protected":false},"excerpt":{"rendered":"<p>&#8222;Anforderungen an Wartung, Pflege und Instandhaltung&#8220;, Artikel im Fachmagazin &#8222;B_I galabau&#8220;, Kiel, 15.02.2020 &#8222;\u00dcberflutungsgefahr? \u2013 Wie die Entw\u00e4sserung von Freifl\u00e4chen und Geb\u00e4uden auch bei gro\u00dfen Regenmengen gesichert werden kann&#8220;, Artikel in Fachzeitschrift &#8222;der bauschaden&#8220;, Merching, 06.2020 &#8222;The Potentials and Risks of Wadis in Cities in the Gulf Region&#8222;, Kapitel in &#8222;Handbook of Quality of Life [&hellip;]<\/p>\n","protected":false},"author":4,"featured_media":0,"parent":98,"menu_order":18,"comment_status":"closed","ping_status":"closed","template":"","meta":{"footnotes":""},"_links":{"self":[{"href":"https:\/\/kaiseringenieure.de\/index.php?rest_route=\/wp\/v2\/pages\/998"}],"collection":[{"href":"https:\/\/kaiseringenieure.de\/index.php?rest_route=\/wp\/v2\/pages"}],"about":[{"href":"https:\/\/kaiseringenieure.de\/index.php?rest_route=\/wp\/v2\/types\/page"}],"author":[{"embeddable":true,"href":"https:\/\/kaiseringenieure.de\/index.php?rest_route=\/wp\/v2\/users\/4"}],"replies":[{"embeddable":true,"href":"https:\/\/kaiseringenieure.de\/index.php?rest_route=%2Fwp%2Fv2%2Fcomments&post=998"}],"version-history":[{"count":5,"href":"https:\/\/kaiseringenieure.de\/index.php?rest_route=\/wp\/v2\/pages\/998\/revisions"}],"predecessor-version":[{"id":1029,"href":"https:\/\/kaiseringenieure.de\/index.php?rest_route=\/wp\/v2\/pages\/998\/revisions\/1029"}],"up":[{"embeddable":true,"href":"https:\/\/kaiseringenieure.de\/index.php?rest_route=\/wp\/v2\/pages\/98"}],"wp:attachment":[{"href":"https:\/\/kaiseringenieure.de\/index.php?rest_route=%2Fwp%2Fv2%2Fmedia&parent=998"}],"curies":[{"name":"wp","href":"https:\/\/api.w.org\/{rel}","templated":true}]}}