{"id":996,"date":"2021-05-27T10:23:04","date_gmt":"2021-05-27T09:23:04","guid":{"rendered":"https:\/\/kaiseringenieure.de\/?page_id=996"},"modified":"2021-05-28T07:56:32","modified_gmt":"2021-05-28T06:56:32","slug":"2019-2","status":"publish","type":"page","link":"https:\/\/kaiseringenieure.de\/?page_id=996","title":{"rendered":"2019"},"content":{"rendered":"<ul>\n<li>&#8222;Leistungsf\u00e4higkeit und Zusatnd langj\u00e4hrig betriebener dezentraler Regenwasserversickerungsanlagen&#8220;, Vortag zu den 51. Landespflegetagen, sowie gedruckt in den &#8222;Veitsh\u00f6chheimer Berichten 186&#8220;, Veitsh\u00f6chheim, 22.\/23.01.2019<\/li>\n<li>&#8222;Starkregenvorsorge: Multifunktionale Fl\u00e4chennutzung er\u00f6ffnet Handlungsspielraum&#8220;, Artikel in Zeitschrift &#8222;Der Gemeinderat&#8220;, Schw\u00e4bisch Hall, 06.2019<\/li>\n<li>&#8222;Green and Blue Water Retrofits for Urban Mesopotamia: Case Study Duhok, KRG&#8220;, Kapitel in &#8222;Spatial Planning in Iraq&#8220;, Bochum, 2019<\/li>\n<\/ul>\n","protected":false},"excerpt":{"rendered":"<p>&#8222;Leistungsf\u00e4higkeit und Zusatnd langj\u00e4hrig betriebener dezentraler Regenwasserversickerungsanlagen&#8220;, Vortag zu den 51. Landespflegetagen, sowie gedruckt in den &#8222;Veitsh\u00f6chheimer Berichten 186&#8220;, Veitsh\u00f6chheim, 22.\/23.01.2019 &#8222;Starkregenvorsorge: Multifunktionale Fl\u00e4chennutzung er\u00f6ffnet Handlungsspielraum&#8220;, Artikel in Zeitschrift &#8222;Der Gemeinderat&#8220;, Schw\u00e4bisch Hall, 06.2019 &#8222;Green and Blue Water Retrofits for Urban Mesopotamia: Case Study Duhok, KRG&#8220;, Kapitel in &#8222;Spatial Planning in Iraq&#8220;, Bochum, 2019<\/p>\n","protected":false},"author":4,"featured_media":0,"parent":98,"menu_order":19,"comment_status":"closed","ping_status":"closed","template":"","meta":{"footnotes":""},"_links":{"self":[{"href":"https:\/\/kaiseringenieure.de\/index.php?rest_route=\/wp\/v2\/pages\/996"}],"collection":[{"href":"https:\/\/kaiseringenieure.de\/index.php?rest_route=\/wp\/v2\/pages"}],"about":[{"href":"https:\/\/kaiseringenieure.de\/index.php?rest_route=\/wp\/v2\/types\/page"}],"author":[{"embeddable":true,"href":"https:\/\/kaiseringenieure.de\/index.php?rest_route=\/wp\/v2\/users\/4"}],"replies":[{"embeddable":true,"href":"https:\/\/kaiseringenieure.de\/index.php?rest_route=%2Fwp%2Fv2%2Fcomments&post=996"}],"version-history":[{"count":6,"href":"https:\/\/kaiseringenieure.de\/index.php?rest_route=\/wp\/v2\/pages\/996\/revisions"}],"predecessor-version":[{"id":1028,"href":"https:\/\/kaiseringenieure.de\/index.php?rest_route=\/wp\/v2\/pages\/996\/revisions\/1028"}],"up":[{"embeddable":true,"href":"https:\/\/kaiseringenieure.de\/index.php?rest_route=\/wp\/v2\/pages\/98"}],"wp:attachment":[{"href":"https:\/\/kaiseringenieure.de\/index.php?rest_route=%2Fwp%2Fv2%2Fmedia&parent=996"}],"curies":[{"name":"wp","href":"https:\/\/api.w.org\/{rel}","templated":true}]}}