{"id":98,"date":"2009-03-06T11:42:06","date_gmt":"2009-03-06T10:42:06","guid":{"rendered":"http:\/\/www.hanseart.de\/test\/?page_id=98"},"modified":"2021-04-01T08:06:07","modified_gmt":"2021-04-01T07:06:07","slug":"veroffentlichungen","status":"publish","type":"page","link":"https:\/\/kaiseringenieure.de\/?page_id=98","title":{"rendered":"Ver\u00f6ffentlichungen"},"content":{"rendered":"<p style=\"text-align: left;\">Die Erkenntnisse aus zahlreichen Projekten sind in verschiedenen Medien ver\u00f6ffentlicht worden. Die Publikationen finden Sie &#8211; nach Jahrg\u00e4ngen geordnet &#8211; \u00fcber das Auswahlmen\u00fc. Eine gedruckte Liste k\u00f6nnen Sie bei <strong>Kaiser<\/strong>Ingenieure anfordern.<\/p>\n","protected":false},"excerpt":{"rendered":"<p>Die Erkenntnisse aus zahlreichen Projekten sind in verschiedenen Medien ver\u00f6ffentlicht worden. Die Publikationen finden Sie &#8211; nach Jahrg\u00e4ngen geordnet &#8211; \u00fcber das Auswahlmen\u00fc. Eine gedruckte Liste k\u00f6nnen Sie bei KaiserIngenieure anfordern.<\/p>\n","protected":false},"author":2,"featured_media":0,"parent":0,"menu_order":9,"comment_status":"open","ping_status":"open","template":"","meta":{"footnotes":""},"_links":{"self":[{"href":"https:\/\/kaiseringenieure.de\/index.php?rest_route=\/wp\/v2\/pages\/98"}],"collection":[{"href":"https:\/\/kaiseringenieure.de\/index.php?rest_route=\/wp\/v2\/pages"}],"about":[{"href":"https:\/\/kaiseringenieure.de\/index.php?rest_route=\/wp\/v2\/types\/page"}],"author":[{"embeddable":true,"href":"https:\/\/kaiseringenieure.de\/index.php?rest_route=\/wp\/v2\/users\/2"}],"replies":[{"embeddable":true,"href":"https:\/\/kaiseringenieure.de\/index.php?rest_route=%2Fwp%2Fv2%2Fcomments&post=98"}],"version-history":[{"count":1,"href":"https:\/\/kaiseringenieure.de\/index.php?rest_route=\/wp\/v2\/pages\/98\/revisions"}],"predecessor-version":[{"id":938,"href":"https:\/\/kaiseringenieure.de\/index.php?rest_route=\/wp\/v2\/pages\/98\/revisions\/938"}],"wp:attachment":[{"href":"https:\/\/kaiseringenieure.de\/index.php?rest_route=%2Fwp%2Fv2%2Fmedia&parent=98"}],"curies":[{"name":"wp","href":"https:\/\/api.w.org\/{rel}","templated":true}]}}