{"id":949,"date":"2021-04-01T13:16:07","date_gmt":"2021-04-01T12:16:07","guid":{"rendered":"https:\/\/kaiseringenieure.de\/?page_id=949"},"modified":"2021-05-27T10:00:32","modified_gmt":"2021-05-27T09:00:32","slug":"forschung","status":"publish","type":"page","link":"https:\/\/kaiseringenieure.de\/?page_id=949","title":{"rendered":"Forschung"},"content":{"rendered":"<p style=\"text-align: left;\"><strong>Kaiser<\/strong>Ingenieure legt gro\u00dfen Wert auf eine enge Verzahnung von systematischer Weiterentwicklung der Ans\u00e4tze in<a href=\"https:\/\/kaiseringenieure.de\/?page_id=96\"> Forschungsprojekten <\/a>und innovativer Projektrealisierung in der <a href=\"https:\/\/kaiseringenieure.de\/?page_id=94\">Praxis<\/a>.<\/p>\n<p style=\"text-align: left;\">Schwerpunkt der Forschungsarbeit von <strong>Kaiser<\/strong>Ingenieure ist die nachhaltige Weiterentwicklung der Blau-Gr\u00fcnen Infrastruktur. Damit stellen wir sicher, dass in unseren Praxisprojekten der neueste Stand von Wissenschaft und Technik zum Einsatz kommt. Unsere Auftraggeber sind Bundes- und Landesministerien und Wasserwirtschaftsverb\u00e4nde.<\/p>\n<p style=\"text-align: left;\">Folgende Forschungsprojekte werden bzw. wurden k\u00fcrzlich bearbeitet (\u00e4ltere unter Referenzen):<\/p>\n<p style=\"text-align: left;\"><strong>BMBF-Forschungsprojekt zur strategischen Risikominderung informeller Siedlungen gegen\u00fcber Naturkatastrophen:<\/strong><\/p>\n<p>&nbsp;<\/p>\n<h2 style=\"text-align: left;\"><strong>\u201eLIRLAP\u201d &#8211; Linking Disaster Risk Governance and Land-Use Planning: <\/strong><\/h2>\n<h2 style=\"text-align: left;\"><strong>The Case of Informal Settlements in Hazard Prone Areas in the Philippines<br \/>\n<\/strong><\/h2>\n<p style=\"text-align: left;\">Manila ist eine der Megast\u00e4dte des globalen S\u00fcdens, die durch:<\/p>\n<ul>\n<li>Beschleunigtes Bev\u00f6lkerungswachstum<\/li>\n<li>Einen hohen Anteil informeller Siedlungen<\/li>\n<li>\u00dcberschwemmungen und Hochwasser<\/li>\n<\/ul>\n<p style=\"text-align: left;\">herausgefordert sind.<\/p>\n<p style=\"text-align: left;\"><strong><br \/>\nZielsetzung<\/strong><\/p>\n<p style=\"text-align: left;\">Auf der Grundlage einer breiten Erhebung der relevanten Einflussfaktoren, werden angepasste planerische L\u00f6sungsans\u00e4tze f\u00fcr eine \u201eResiliente Aufwertung\u201c bzw. \u201eUmsiedlung\u201c informeller Siedlungen entwickelt und in Pilotstudien planerisch konkretisiert. In einer weiteren Phase sollen diese exemplarisch umgesetzt werden.<\/p>\n<p style=\"text-align: left;\"><strong>Kaiser Ingenieure ist federf\u00fchrend an der Entwicklung von Pilotstudien in informellen Siedlungen zur:<\/strong><\/p>\n<ul style=\"text-align: left;\">\n<li>Resilienten Aufwertung, AP 2<\/li>\n<li>Resilienten Umsiedlung, AP 3 sowie zum<\/li>\n<li>Kapazit\u00e4tsaufbau (Trainingskurse sowie Doktorandenworkshops), AP 5<\/li>\n<\/ul>\n<p style=\"text-align: left;\">eingebunden.<\/p>\n<p style=\"text-align: left;\"><strong><br \/>\nKooperationspartner<\/strong><\/p>\n<ul style=\"text-align: left;\">\n<li>Institut f\u00fcr Raumplanung (IRPUD) der TU-Dortmund (Leadpartner)<\/li>\n<li>Department f\u00fcr Geographie, Ludwig-Maximilians-Universit\u00e4t M\u00fcnchen (LMU)<\/li>\n<li>Institut f\u00fcr Raumordnung und Entwicklungsplanung (IREUS), Universit\u00e4t Stuttgart<\/li>\n<li><strong>Kaiser<\/strong>Ingenieure, Dortmund<\/li>\n<li>School of Urban and Regional Planning (SURP), University of the Philippines<\/li>\n<\/ul>\n<p style=\"text-align: left;\"><strong><br \/>\n<\/strong><strong>F\u00f6rderung und Laufzeit<\/strong><\/p>\n<p style=\"text-align: left;\">Das Projekt wird vom BMBF (Bundesministerium f\u00fcr Bildung und Forschung) im Rahmen des F\u00f6rderprogramms &#8222;Nachhaltige Entwicklung urbaner Regionen&#8220; finanziert und hat eine Laufzeit von 48 Monaten.<\/p>\n<p style=\"text-align: left;\"><strong>Ansprechpartner:<\/strong> Prof. Dr. Mathias Kaiser<\/p>\n<p style=\"text-align: left;\"><strong><br \/>\nProjektzeitraum<\/strong>: M\u00e4rz 2021- Februar 2025 (Forschungs- und Entwicklungsphase)<\/p>\n<p style=\"text-align: left;\">Weitergehende Informationen sind \u00fcber die Website des Leadpartners IRPUD, TU-Dortmund abrufbar:<\/p>\n<p style=\"text-align: left;\"><a href=\"https:\/\/www.irpud.raumplanung.tu-dortmund.de\/projectdetails\/viewproject\/LIRLAP\/\">https:\/\/www.irpud.raumplanung.tu-dortmund.de\/projectdetails\/viewproject\/LIRLAP\/<\/a><\/p>\n<p>&nbsp;<\/p>\n<h2 style=\"text-align: left;\">\u201eKONVERt\u201c Konzepte f\u00fcr eine nachhaltige Nutzung dezentraler Versickerungsanlagen<\/h2>\n<p style=\"text-align: left;\">Die dezentrale Versickerung von Niederschlagsabfluss bietet gegen\u00fcber konventionellen Methoden der Regenwasserbewirtschaftung eine Vielzahl an \u00f6kologischen und \u00f6konomischen Vorteilen. W\u00e4hrend die technische Ausf\u00fchrung von dezentralen Versickerungsmulden bei ihrem Neubau klar geregelt ist, gibt es wenig systematische Erkenntnisse bez\u00fcglich der Funktionserf\u00fcllung von langj\u00e4hrig betriebenen Anlagen. Unsicherheiten betreffen vor allem die Dauer einer effektiven Schadstoffretention in Versickerungsmulden. Deshalb werden f\u00fcr die wasserrechtliche Erlaubnis von dezentralen Anlagen hohe Sicherheitsaufschl\u00e4ge bez\u00fcglich der Betriebsdauer angesetzt, was den \u00f6konomischen Vorteil dezentraler Regenwasserbewirtschaftung gegen\u00fcber konventioneller Bewirtschaftung deutlich schm\u00e4lert. Innerhalb des Projekts KONVERt werden vier langj\u00e4hrig (15-20 Jahre) betriebene Versickerungsmulden hinsichtlich ihres Austragsrisikos f\u00fcr Schwermetalle untersucht. Fokus der Untersuchung bildet eine eventgesteuerte Beprobung von Sickerwasser, um die mobile Fraktion von Schwermetallen im Muldensubstrat qualitativ abzusch\u00e4tzen. Um die jahreszeitliche Dynamik der Schwermetallmobilisierung zu ber\u00fccksichtigen, wird die gesamte Messung \u00fcber min. ein Jahr ausgef\u00fchrt. Gleichzeitig werden die meteorologischen Randbedingungen f\u00fcr jede Mulde \u00fcber den gesamten Zeitraum aufgezeichnet und um eine detaillierte Aufnahme des Ist-Zustands (r\u00e4umliche aufgel\u00f6ster Absolutgehalt an Schwermetallen, Sorptionsparameter) zu Beginn der Messperiode erg\u00e4nzt. Die Daten werden f\u00fcr eine nachgeschaltete bodenhydrologische und -chemische Simulation genutzt. Dadurch kann das langfristige Gef\u00e4hrdungspotential f\u00fcr einen Schwermetallaustrag aus Versickerungsmulden prognostiziert werden. Des Weiteren wird mittels szenarienbasierter Modellierung die Leistungsf\u00e4higkeit von Versickerungsmulden unter verschiedenen Entwicklungen (Instandhaltungs- und Erneuerungszyklen) abgesch\u00e4tzt. Schlussendlich bildet die Synthese aus gemessenen und modellierten Ergebnissen die Grundlage, um Empfehlungen f\u00fcr die Praxis auszusprechen. Dabei wird zus\u00e4tzlich auf Ergebnisse aus dem Vorg\u00e4ngerprojekt LEIREV zur\u00fcckgegriffen und gemeinsam mit Erkenntnissen aus diesem Projekt in ein \u201eHandbuch der Regenwasserbewirtschaftung NRW\u201c \u00fcbertragen. Mit dieser Brosch\u00fcre wird Beh\u00f6rden, Betreibern und Planern der aktuelle Wissenstand bez\u00fcglich Regenwasserversickerung zur Verf\u00fcgung gestellt, um eine nachhaltige Nutzung von dezentralen Versickerungsanlagen zu gew\u00e4hrleisten.<\/p>\n<p style=\"text-align: left;\"><strong>Ansprechpartner:<\/strong> Prof. Dr. Mathias Kaiser<\/p>\n<p style=\"text-align: left;\"><strong>Bearbeitung:<\/strong><\/p>\n<ul style=\"text-align: left;\">\n<li>TU Berlin, FG Standortkunde und Bodenschutz<\/li>\n<li><strong>Kaiser<\/strong>Ingenieure<\/li>\n<li>Ingenieurgesellschaft Prof. Dr. Sieker mbH<\/li>\n<\/ul>\n<p style=\"text-align: left;\"><strong>Finanzierung: <\/strong><\/p>\n<p style=\"text-align: left;\">F\u00f6rderprogramm &#8222;Ressourceneffiziente Abwasserbeseitigung NRW, F\u00f6rderprogramm 6&#8220;, LANUV (Landesamt f\u00fcr Natur, Umwelt und Verbraucherschutz Nordrhein-Westfalen)<\/p>\n<p style=\"text-align: left;\"><strong>Laufzeit:<\/strong> November 2017 bis Februar 2020<\/p>\n<p style=\"text-align: left;\">Der Abschlussbericht \u00fcber die stofflichen Untersuchungen sowie das erarbeitete \u201eHandbuch\u201c der Regenwasserbewirtschaftung NRW\u201c befinden sich in der Endabstimmung und werden in K\u00fcrze auf der Website des LANUV NRW ver\u00f6ffentlicht und als pdf-Dateien zum Abruf bereitgestellt.<\/p>\n<p>&nbsp;<\/p>\n<h2 style=\"text-align: left;\">\u201eLEIREV\u201c Leistungsf\u00e4higkeit und Zustand langj\u00e4hrig betriebener dezentraler Regenwasserversickerungsanlagen<\/h2>\n<p style=\"text-align: left;\">Um den Einsatz dezentraler Regenwasserbewirtschaftungsanlagen mit der Versickerung \u00fcber einen bewachsenen Bodenk\u00f6rperweiter voranzutreiben und abzusichern, bedarf es einer systematischen Aufnahme und Bewertung langj\u00e4hrig betriebener Anlagen um zu einer Verbesserung der Planungssicherheit beizutragen.<\/p>\n<p style=\"text-align: left;\">Ziele des Vorhabens sind daher die Erfassung der Leistungsf\u00e4higkeit bereits langj\u00e4hrig betriebener Anlagen sowie die Bewertung der hydraulischen und stofflichen Charakteristika. Weiterhin erfolgt eine Aufnahme und Bewertung hinsichtlich der bisherigen Anlagenentwicklung und des Betriebes. Die Ableitung erforderlicher Ma\u00dfnahmen f\u00fcr den Erhalt der langfristigen Leistungsf\u00e4higkeit der Anlagen steht hierbei im Fokus der vorliegenden Forschungsarbeit.<\/p>\n<p style=\"text-align: left;\">Die untersuchten Anlagen befinden sich vornehmlich in NRW, es wurden aber auch weitere aus dem \u00fcbrigen Bundesgebiet ausgew\u00e4hlt, mit Hilfe derer ein breiter Querschnitt vorhandener Anlagen und Betriebserfahrungen mit dezentralen Versickerungsanlagen abgebildet wird.<\/p>\n<p style=\"text-align: left;\"><strong>Finanzierung: <\/strong><\/p>\n<p style=\"text-align: left;\">F\u00f6rderprogramm &#8222;Ressourceneffiziente Abwasserbeseitigung NRW, F\u00f6rderprogramm 6&#8220;, LANUV (Landesamt f\u00fcr Natur, Umwelt und Verbraucherschutz Nordrhein-Westfalen)<\/p>\n<p style=\"text-align: left;\"><strong>Ansprechpartner:<\/strong> Prof. Dr. Mathias Kaiser<\/p>\n<p style=\"text-align: left;\"><strong>Bearbeitung:<\/strong><\/p>\n<ul style=\"text-align: left;\">\n<li>TU Berlin, FG Standortkunde und Bodenschutz<\/li>\n<li><strong>Kaiser<\/strong>Ingenieure<\/li>\n<li>Ingenieurgesellschaft Prof. Dr. Sieker mbH<\/li>\n<\/ul>\n<p style=\"text-align: left;\">Der Abschlussbericht ist \u00fcber die Website des LANUV NRW abrufbar:<\/p>\n<p><a href=\"https:\/\/www.lanuv.nrw.de\/landesamt\/forschungsvorhaben\/niederschlag?tx_cartproducts_products%5Bproduct%5D=241&amp;cHash=b5baf99ee15143823c3532b048871597\">https:\/\/www.lanuv.nrw.de\/landesamt\/forschungsvorhaben\/niederschlag?tx_cartproducts_products%5Bproduct%5D=241&amp;cHash=b5baf99ee15143823c3532b048871597<\/a><\/p>\n","protected":false},"excerpt":{"rendered":"<p>KaiserIngenieure legt gro\u00dfen Wert auf eine enge Verzahnung von systematischer Weiterentwicklung der Ans\u00e4tze in Forschungsprojekten und innovativer Projektrealisierung in der Praxis. Schwerpunkt der Forschungsarbeit von KaiserIngenieure ist die nachhaltige Weiterentwicklung der Blau-Gr\u00fcnen Infrastruktur. Damit stellen wir sicher, dass in unseren Praxisprojekten der neueste Stand von Wissenschaft und Technik zum Einsatz kommt. Unsere Auftraggeber sind Bundes- [&hellip;]<\/p>\n","protected":false},"author":4,"featured_media":0,"parent":0,"menu_order":6,"comment_status":"closed","ping_status":"closed","template":"","meta":{"footnotes":""},"_links":{"self":[{"href":"https:\/\/kaiseringenieure.de\/index.php?rest_route=\/wp\/v2\/pages\/949"}],"collection":[{"href":"https:\/\/kaiseringenieure.de\/index.php?rest_route=\/wp\/v2\/pages"}],"about":[{"href":"https:\/\/kaiseringenieure.de\/index.php?rest_route=\/wp\/v2\/types\/page"}],"author":[{"embeddable":true,"href":"https:\/\/kaiseringenieure.de\/index.php?rest_route=\/wp\/v2\/users\/4"}],"replies":[{"embeddable":true,"href":"https:\/\/kaiseringenieure.de\/index.php?rest_route=%2Fwp%2Fv2%2Fcomments&post=949"}],"version-history":[{"count":8,"href":"https:\/\/kaiseringenieure.de\/index.php?rest_route=\/wp\/v2\/pages\/949\/revisions"}],"predecessor-version":[{"id":992,"href":"https:\/\/kaiseringenieure.de\/index.php?rest_route=\/wp\/v2\/pages\/949\/revisions\/992"}],"wp:attachment":[{"href":"https:\/\/kaiseringenieure.de\/index.php?rest_route=%2Fwp%2Fv2%2Fmedia&parent=949"}],"curies":[{"name":"wp","href":"https:\/\/api.w.org\/{rel}","templated":true}]}}