{"id":803,"date":"2019-05-16T07:48:50","date_gmt":"2019-05-16T06:48:50","guid":{"rendered":"https:\/\/kaiseringenieure.de\/?page_id=803"},"modified":"2021-05-28T08:01:42","modified_gmt":"2021-05-28T07:01:42","slug":"2016-2","status":"publish","type":"page","link":"https:\/\/kaiseringenieure.de\/?page_id=803","title":{"rendered":"2016"},"content":{"rendered":"<ul>\n<li>&#8222;Systematisches Aufdecken von Synergiepotenzialen bei kommunaler Infrastruktur-, Stad- und Freiraumplanung mit dem Kooperationsmodul ZUGABE\u201c, Vortrag im Rahmen der 3. Dortmunder Konferenz f\u00fcr Raum- und Planungsforschung \u201eRaummuster &#8211; Struktur, Dynamik, Planung\u201c an der TU-Dortmund, Dortmund, 23.02.2016<\/li>\n<li>&#8222;WirtschaftsGr\u00fcn &#8211; Naturnahe Gestaltung von Firmengel\u00e4nden&#8220;, Industrie- und Handelskammer (IHK) zu Dortmund, Dortmund, 08.03.2016 <a href=\"https:\/\/www.dortmund.ihk24.de\/wirtschaftsgruen\">https:\/\/www.dortmund.ihk24.de\/wirtschaftsgr\u00fcn<\/a><\/li>\n<li>&#8222;Leistungsf\u00e4higkeit und Zusatnd langj\u00e4hrig betriebener dezentraler Regenwasserversickerungsanlagen (LEIREF)&#8220;, Fachbericht im Newsletter der &#8222;gwf-Wasser\/Abwasser&#8220;, Essen, 06.2016<\/li>\n<li>&#8222;Systematische Verkn\u00fcpfung von kommunaler Infrastruktur, Stadt- und Freiraumplanung im Emschergebiet&#8220;, Deutsche Akademie f\u00fcr St\u00e4dtebau und Landesplanung (DASL), D\u00fcsseldorf, 16.12.2016<\/li>\n<\/ul>\n","protected":false},"excerpt":{"rendered":"<p>&#8222;Systematisches Aufdecken von Synergiepotenzialen bei kommunaler Infrastruktur-, Stad- und Freiraumplanung mit dem Kooperationsmodul ZUGABE\u201c, Vortrag im Rahmen der 3. Dortmunder Konferenz f\u00fcr Raum- und Planungsforschung \u201eRaummuster &#8211; Struktur, Dynamik, Planung\u201c an der TU-Dortmund, Dortmund, 23.02.2016 &#8222;WirtschaftsGr\u00fcn &#8211; Naturnahe Gestaltung von Firmengel\u00e4nden&#8220;, Industrie- und Handelskammer (IHK) zu Dortmund, Dortmund, 08.03.2016 https:\/\/www.dortmund.ihk24.de\/wirtschaftsgr\u00fcn &#8222;Leistungsf\u00e4higkeit und Zusatnd langj\u00e4hrig betriebener [&hellip;]<\/p>\n","protected":false},"author":2,"featured_media":0,"parent":98,"menu_order":22,"comment_status":"closed","ping_status":"closed","template":"","meta":{"footnotes":""},"_links":{"self":[{"href":"https:\/\/kaiseringenieure.de\/index.php?rest_route=\/wp\/v2\/pages\/803"}],"collection":[{"href":"https:\/\/kaiseringenieure.de\/index.php?rest_route=\/wp\/v2\/pages"}],"about":[{"href":"https:\/\/kaiseringenieure.de\/index.php?rest_route=\/wp\/v2\/types\/page"}],"author":[{"embeddable":true,"href":"https:\/\/kaiseringenieure.de\/index.php?rest_route=\/wp\/v2\/users\/2"}],"replies":[{"embeddable":true,"href":"https:\/\/kaiseringenieure.de\/index.php?rest_route=%2Fwp%2Fv2%2Fcomments&post=803"}],"version-history":[{"count":11,"href":"https:\/\/kaiseringenieure.de\/index.php?rest_route=\/wp\/v2\/pages\/803\/revisions"}],"predecessor-version":[{"id":1031,"href":"https:\/\/kaiseringenieure.de\/index.php?rest_route=\/wp\/v2\/pages\/803\/revisions\/1031"}],"up":[{"embeddable":true,"href":"https:\/\/kaiseringenieure.de\/index.php?rest_route=\/wp\/v2\/pages\/98"}],"wp:attachment":[{"href":"https:\/\/kaiseringenieure.de\/index.php?rest_route=%2Fwp%2Fv2%2Fmedia&parent=803"}],"curies":[{"name":"wp","href":"https:\/\/api.w.org\/{rel}","templated":true}]}}