{"id":4,"date":"2009-01-20T13:56:59","date_gmt":"2009-01-20T12:56:59","guid":{"rendered":"http:\/\/localhost\/?page_id=2"},"modified":"2010-12-03T14:05:57","modified_gmt":"2010-12-03T13:05:57","slug":"ueber-mich-2","status":"publish","type":"page","link":"https:\/\/kaiseringenieure.de\/?page_id=4","title":{"rendered":"Private Erschlie\u00dfung"},"content":{"rendered":"<p style=\"text-align: left;\">Schwerpunkt unserer T\u00e4tigkeit ist in diesem Bereich die Planung der Au\u00dfen- und Verkehrs- und Gr\u00fcnanlagen, die Grundst\u00fccksentw\u00e4sserung sowie die Ver- und Entsorgungsplanung komplexer und\/oder gro\u00dffl\u00e4chiger Bauvorhaben.<\/p>\n\n\t\t\t<div id='4-1' class='gallery gallery-4 gallery-columns-3 gallery-size-thumbnail' itemscope itemtype='http:\/\/schema.org\/ImageGallery'>\n\t\t\t\t<div class='gallery-row gallery-col-3 gallery-clear'>\n\t\t\t\t\t<figure class='gallery-item col-3' itemprop='associatedMedia' itemscope itemtype='http:\/\/schema.org\/ImageObject'>\n\t\t\t\t\t\t<div class='gallery-icon landscape'><a href='https:\/\/kaiseringenieure.de\/wp-content\/uploads\/2009\/01\/img_9636.jpg' itemprop=\"contentURL\"><img loading=\"lazy\" decoding=\"async\" width=\"150\" height=\"150\" src=\"https:\/\/kaiseringenieure.de\/wp-content\/uploads\/2009\/01\/img_9636-150x150.jpg\" class=\"attachment-thumbnail size-thumbnail\" alt=\"\" itemprop=\"thumbnail\" \/><\/a><\/div>\n\t\t\t\t\t<\/figure>\n\t\t\t\t\t<figure class='gallery-item col-3' itemprop='associatedMedia' itemscope itemtype='http:\/\/schema.org\/ImageObject'>\n\t\t\t\t\t\t<div class='gallery-icon landscape'><a href='https:\/\/kaiseringenieure.de\/wp-content\/uploads\/2009\/01\/img_9609.jpg' itemprop=\"contentURL\"><img loading=\"lazy\" decoding=\"async\" width=\"150\" height=\"150\" src=\"https:\/\/kaiseringenieure.de\/wp-content\/uploads\/2009\/01\/img_9609-150x150.jpg\" class=\"attachment-thumbnail size-thumbnail\" alt=\"\" itemprop=\"thumbnail\" \/><\/a><\/div>\n\t\t\t\t\t<\/figure>\n\t\t\t\t\t<figure class='gallery-item col-3' itemprop='associatedMedia' itemscope itemtype='http:\/\/schema.org\/ImageObject'>\n\t\t\t\t\t\t<div class='gallery-icon landscape'><a href='https:\/\/kaiseringenieure.de\/wp-content\/uploads\/2009\/01\/img_9594.jpg' itemprop=\"contentURL\"><img loading=\"lazy\" decoding=\"async\" width=\"150\" height=\"150\" src=\"https:\/\/kaiseringenieure.de\/wp-content\/uploads\/2009\/01\/img_9594-150x150.jpg\" class=\"attachment-thumbnail size-thumbnail\" alt=\"\" itemprop=\"thumbnail\" \/><\/a><\/div>\n\t\t\t\t\t<\/figure>\n\t\t\t\t<\/div>\n\t\t\t<\/div><!-- .gallery -->\n\n<p style=\"text-align: left;\"><span id=\"_marker\">Unser Spektrum reicht dabei von innerst\u00e4dtischen Verwaltungs- und B\u00fcrogeb\u00e4uden, Schulen, Betriebsh\u00f6fen bis hin zu gro\u00dffl\u00e4chigen Gewerbe- und Logistikstandorten an der Peripherie.<\/span><\/p>\n<p style=\"text-align: left;\"><span><strong>Kaiser<\/strong>Ingenieure verfolgt dabei das Ziel, die standortbezogenen Potenziale eines m\u00f6glichst umweltvertr\u00e4glichen und kostensparenden Infrastrukturbaus auszuloten und zu realisieren.<br \/>\n<\/span><\/p>\n<p><a href=\"https:\/\/kaiseringenieure.de\/?page_id=332\">&raquo; Referenzen Gewerbe<\/a><br \/>\n<a href=\"https:\/\/kaiseringenieure.de\/?page_id=334\">&raquo; Referenzen Wohnen\/Dienstleistung<\/a><\/p>\n","protected":false},"excerpt":{"rendered":"<p>Schwerpunkt unserer T\u00e4tigkeit ist in diesem Bereich die Planung der Au\u00dfen- und Verkehrs- und Gr\u00fcnanlagen, die Grundst\u00fccksentw\u00e4sserung sowie die Ver- und Entsorgungsplanung komplexer und\/oder gro\u00dffl\u00e4chiger Bauvorhaben. Unser Spektrum reicht dabei von innerst\u00e4dtischen Verwaltungs- und B\u00fcrogeb\u00e4uden, Schulen, Betriebsh\u00f6fen bis hin zu gro\u00dffl\u00e4chigen Gewerbe- und Logistikstandorten an der Peripherie. KaiserIngenieure verfolgt dabei das Ziel, die standortbezogenen Potenziale [&hellip;]<\/p>\n","protected":false},"author":2,"featured_media":0,"parent":0,"menu_order":4,"comment_status":"closed","ping_status":"closed","template":"","meta":{"footnotes":""},"_links":{"self":[{"href":"https:\/\/kaiseringenieure.de\/index.php?rest_route=\/wp\/v2\/pages\/4"}],"collection":[{"href":"https:\/\/kaiseringenieure.de\/index.php?rest_route=\/wp\/v2\/pages"}],"about":[{"href":"https:\/\/kaiseringenieure.de\/index.php?rest_route=\/wp\/v2\/types\/page"}],"author":[{"embeddable":true,"href":"https:\/\/kaiseringenieure.de\/index.php?rest_route=\/wp\/v2\/users\/2"}],"replies":[{"embeddable":true,"href":"https:\/\/kaiseringenieure.de\/index.php?rest_route=%2Fwp%2Fv2%2Fcomments&post=4"}],"version-history":[{"count":3,"href":"https:\/\/kaiseringenieure.de\/index.php?rest_route=\/wp\/v2\/pages\/4\/revisions"}],"predecessor-version":[{"id":373,"href":"https:\/\/kaiseringenieure.de\/index.php?rest_route=\/wp\/v2\/pages\/4\/revisions\/373"}],"wp:attachment":[{"href":"https:\/\/kaiseringenieure.de\/index.php?rest_route=%2Fwp%2Fv2%2Fmedia&parent=4"}],"curies":[{"name":"wp","href":"https:\/\/api.w.org\/{rel}","templated":true}]}}