{"id":334,"date":"2009-12-10T12:41:32","date_gmt":"2009-12-10T11:41:32","guid":{"rendered":"http:\/\/www.hanseart.de\/test\/?page_id=334"},"modified":"2021-06-16T13:46:01","modified_gmt":"2021-06-16T12:46:01","slug":"wohnendienstleistung","status":"publish","type":"page","link":"https:\/\/kaiseringenieure.de\/?page_id=334","title":{"rendered":"Wohnen\/Dienstleistung"},"content":{"rendered":"<p style=\"text-align: left;\"><strong> Projektauswahl B\u00fcrogeb\u00e4ude, Technologiezentren<\/strong><\/p>\n<ul>\n<li>Sanierung Verwaltung Rockwool, Gladbeck, 2020<\/li>\n<li>B\u00fcrogeb\u00e4ude Firma SABIC, Gelsenkirchen, 2020<\/li>\n<li>Tischlereierweiterung, M\u00fcnster, 2019<\/li>\n<li>Betriebserweiterung Zoll, Hagen, 2019<\/li>\n<li>Neubau Reha Klinik \u201eRombergpark\u201c, Dortmund, 2019<\/li>\n<li>Betriebserweiterung Andernach und Bleck, Hagen, 2019<\/li>\n<li>Erweiterung Max-Planck-Institut, K\u00f6ln, 2019<\/li>\n<li>Museum Umspannwerk, Recklinghausen, 2019<\/li>\n<li>TMM-Phoenix-West, Dortmund, 2018<\/li>\n<li>IN-TECH-CAMPUS, Wolfsburg, 2018<\/li>\n<li>Neubau Justizzentrum Bochum, 2010-2011<\/li>\n<li>Erweiterung NRW-Polizeiausbildungszentrum, Selm, 2010<\/li>\n<li>Erneuerung Dienstleistungszentrum Rheinh\u00f6fe, D\u00fcsseldorf, 2010<\/li>\n<li>Neubau DEW-Energiezentrale am \u201eDortmunder U\u201c, Dortmund, 2010<\/li>\n<li>Erweiterung Justizvollzugsanstalt, Bochum, 2009<\/li>\n<li>Neubau Verf\u00fcgungsbau Fachhochschule Dortmund, Dortmund 2010<\/li>\n<li><a href=\"https:\/\/kaiseringenieure.de\/\/homepages\/30\/d208165803\/htdocs\/\/homepages\/30\/d208165803\/htdocs\/wp-content\/uploads\/2010\/09\/img_0887.jpg\" rel=\"lightbox[cleaner-gallery-582]\">Erweiterung Polizeipr\u00e4sidium Bochum, Bochum, 2009<\/a><\/li>\n<li>Erweiterung Amtsgericht Wetter, Wetter, 2008<\/li>\n<li>Finanz\u00e4mter Dortmund-Ost und Unna, 2003<\/li>\n<li>Firma Expert-Team,Dortmund, 2002<\/li>\n<li>Hauptverwaltung Stadtparkasse Heiligenhaus, 2001<\/li>\n<li>Verwaltung Internetprovider DOKOM, Dortmund, 2000<\/li>\n<li>Firma ProDV, Dortmund, 1999<\/li>\n<li>Europazentrale U-UNET, Dortmund, 1998<\/li>\n<li>Halbleiterproduktion Firma Elmos, Dortmund, 1998<\/li>\n<li>Firma Quantum, Dortmund, 1997<\/li>\n<li>Firma ITK, Dortmund, 1997<\/li>\n<\/ul>\n<p style=\"text-align: left;\"><strong>Projektauswahl Wohnquartiere<\/strong><\/p>\n<ul>\n<li>Umbau Wohnquartier \u201cIm gro\u00dfen Busche\u201c, Bochum, 2021<\/li>\n<li>Wohnquartier \u201eWeitmarer Stra\u00dfe\u201c, Bochum, 2020<\/li>\n<li>Seniorenwohnen u. KiTa Fredenbaum, Dortmund, 2017<\/li>\n<li>Gemeinschaftliches Wohnprojekt \u201ebuntStift\u201c, Bochum<\/li>\n<li>Wohngebiet Am B\u00fcrenbach, Hilden<\/li>\n<li>Wohngebiet Mamertusstra\u00dfe, Dortmund<\/li>\n<li>Wohngebiet Sch\u00e4renhof, Dortmund<\/li>\n<li>Wohngebiet Kirchderner Graben, Dortmund<\/li>\n<li>Wohngebiet Menglinghausen, Dortmund<\/li>\n<li>Wohngebiet Am Busche, Witten<\/li>\n<\/ul>\n<p style=\"text-align: left;\"><strong>Projektauswahl Schulen und sonstige Gemeinschaftseinrichtungen<\/strong><\/p>\n<ul>\n<li>Umgestaltung Crengeldanzschule, Witten, 2014<\/li>\n<li>Neubau Waldorfkinderhaus Bochum, 2011<\/li>\n<li>Eweiterung j\u00fcdischer Kindergarten, Dortmund<\/li>\n<li>Kirchengemeinde St. Antonius, Castrop-Rauxel<\/li>\n<li>Eichendorffschule, Essen<\/li>\n<li>Bischof von Ketteler Schule, Essen<\/li>\n<li>Grundschule Ebel, Bottrop<\/li>\n<li>Grund-, Haupt- und Realschulen in B\u00f6nen<\/li>\n<li>Kunst- und Kulturzentrum Depot, Dortmund<\/li>\n<li>Hiberniaschule, Herne<\/li>\n<li>Altenheim Johanniter Stift, Dortmund-H\u00f6rde<\/li>\n<li>Altenheim in Nandlstadt, Niederbayern<\/li>\n<\/ul>\n<p style=\"text-align: left;\"><strong>Projektauswahl Freianlagen und Platzgestaltung<\/strong><\/p>\n<ul style=\"text-align: left;\">\n<li>Umgestaltung Fu\u00dfg\u00e4ngerzone Sterkrade, Oberhausen, 2020<\/li>\n<li>Platzgestaltung und Wasserlauf Innenstadt Bochum (Platz am Kuhhirten)<\/li>\n<li>Platzgestaltung und Wasserlauf Fu\u00dfg\u00e4ngerzone in Herne<\/li>\n<li>Spielplatz \u201cAm Busche\u201d, Castrop-Rauxel<\/li>\n<li>Spielplatz Menglinghausen, Dortmund<\/li>\n<li>Spielplatz \u201cAm B\u00fcrenbach\u201d, Hilden<\/li>\n<\/ul>\n","protected":false},"excerpt":{"rendered":"<p>Projektauswahl B\u00fcrogeb\u00e4ude, Technologiezentren Sanierung Verwaltung Rockwool, Gladbeck, 2020 B\u00fcrogeb\u00e4ude Firma SABIC, Gelsenkirchen, 2020 Tischlereierweiterung, M\u00fcnster, 2019 Betriebserweiterung Zoll, Hagen, 2019 Neubau Reha Klinik \u201eRombergpark\u201c, Dortmund, 2019 Betriebserweiterung Andernach und Bleck, Hagen, 2019 Erweiterung Max-Planck-Institut, K\u00f6ln, 2019 Museum Umspannwerk, Recklinghausen, 2019 TMM-Phoenix-West, Dortmund, 2018 IN-TECH-CAMPUS, Wolfsburg, 2018 Neubau Justizzentrum Bochum, 2010-2011 Erweiterung NRW-Polizeiausbildungszentrum, Selm, 2010 Erneuerung [&hellip;]<\/p>\n","protected":false},"author":2,"featured_media":0,"parent":94,"menu_order":4,"comment_status":"open","ping_status":"open","template":"","meta":{"footnotes":""},"_links":{"self":[{"href":"https:\/\/kaiseringenieure.de\/index.php?rest_route=\/wp\/v2\/pages\/334"}],"collection":[{"href":"https:\/\/kaiseringenieure.de\/index.php?rest_route=\/wp\/v2\/pages"}],"about":[{"href":"https:\/\/kaiseringenieure.de\/index.php?rest_route=\/wp\/v2\/types\/page"}],"author":[{"embeddable":true,"href":"https:\/\/kaiseringenieure.de\/index.php?rest_route=\/wp\/v2\/users\/2"}],"replies":[{"embeddable":true,"href":"https:\/\/kaiseringenieure.de\/index.php?rest_route=%2Fwp%2Fv2%2Fcomments&post=334"}],"version-history":[{"count":13,"href":"https:\/\/kaiseringenieure.de\/index.php?rest_route=\/wp\/v2\/pages\/334\/revisions"}],"predecessor-version":[{"id":1045,"href":"https:\/\/kaiseringenieure.de\/index.php?rest_route=\/wp\/v2\/pages\/334\/revisions\/1045"}],"up":[{"embeddable":true,"href":"https:\/\/kaiseringenieure.de\/index.php?rest_route=\/wp\/v2\/pages\/94"}],"wp:attachment":[{"href":"https:\/\/kaiseringenieure.de\/index.php?rest_route=%2Fwp%2Fv2%2Fmedia&parent=334"}],"curies":[{"name":"wp","href":"https:\/\/api.w.org\/{rel}","templated":true}]}}