{"id":313,"date":"2009-12-10T12:20:20","date_gmt":"2009-12-10T11:20:20","guid":{"rendered":"http:\/\/www.hanseart.de\/test\/?page_id=313"},"modified":"2021-06-16T13:53:35","modified_gmt":"2021-06-16T12:53:35","slug":"bebauungsplan","status":"publish","type":"page","link":"https:\/\/kaiseringenieure.de\/?page_id=313","title":{"rendered":"Bebauungsplan"},"content":{"rendered":"<p style=\"text-align: left;\"><strong>Projektauswahl Infrastruktur- und Erschlie\u00dfungskonzeptionen f\u00fcr Bebauungspl\u00e4ne<\/strong><\/p>\n<ul style=\"text-align: left;\">\n<li>Wohngebiet \u201eNord\u00f6stlich Heidk\u00e4mpe\u201c, Bad Oeynhausen, 2020<\/li>\n<li>Industriegebiet \u201eM\u00fcnchener Stra\u00dfe\u201c, Sandersdorf-Brehna, 2020<\/li>\n<li>Gewerbegebiet \u201eehem. STEAG-Kraftwerk\u201c, L\u00fcnen, 2019<\/li>\n<li>Wohnbebauung \u201eEggenreuther Weg\u201c, Erlangen, 2019<\/li>\n<li>Bebauungsplan Kuhloweg\/Hellweg, Iserlohn, 2009<\/li>\n<li>Gewerbegebiet &#8222;Western Wiesen&#8220;, Delbr\u00fcck, 2009<\/li>\n<li>Wohngebiet Friederich-Ebert-Stra\u00dfe, Witten, 2008<\/li>\n<li>Bebauungsplan &#8222;Landsberge&#8220;, Sprockh\u00f6vel, 2008<\/li>\n<li>Stadterweiterung Richtericher Dell, Aachen, 2007<\/li>\n<li>Interregionaler Gewerbepark Marburg, Rheda-Wiedenbr\u00fcck\/Oelde, 2006<\/li>\n<li>Gewerbegebiet Anzing &#8211; Nord, Gemeinde Anzing, M\u00fcnchen, 2004<\/li>\n<li>Gewerbepark Bornheim-S\u00fcd, Bornheim i.Rheinland, 2003<\/li>\n<li>Stadterweiterung Knetterheide, Bad Salzuflen, 2002<\/li>\n<li>Bebauungsplan \u201cN\u00f6rdlich der Landwehr\u201d, Voerde\/Niederrhein, 2006<\/li>\n<li>Bebauungsplan \u201cHueckscher Hof\u201d, Unna, 2006<\/li>\n<li>Bebauungsplan \u201cMarkscheiderhof\u201d, M\u00fclheim a.d.Ruhr<\/li>\n<li>Bebauungsplan \u201cSch\u00e4renhof\u201d, Dortmund, 1996<\/li>\n<li>Wohngebiet \u201cAuf dem Sp\u00e4hen\u201d, Sprockh\u00f6vel<\/li>\n<li>Bebauungsplan \u201cAm Westen\u201d, Sprockh\u00f6vel<\/li>\n<li>Bebauungsplan \u201cIm Schleppkotten\u201d, Wetter<\/li>\n<li>Bebauungsplan \u201cNiederste Feldweg\u201d, Dortmund<\/li>\n<li>Bebauungsplan \u201cSchroershof\u201d, Grefrath<\/li>\n<li>Bebauungsplan \u201cKletterstra\u00dfe\u201d, Unna<\/li>\n<li>Bebauungsplan \u201cWohnen auf Vorwigs Hofe\u201d, B\u00f6nen<\/li>\n<li>Bebauungsplan \u201cSchulstra\u00dfe\u201d, Iserlohn<\/li>\n<li>Bebauungsplanung \u201cDeichtorstra\u00dfe\u201d, Leverkusen<\/li>\n<li>Bebauungsplan \u201cGrenzweg H\u00fcinghausen\u201d, Herscheid<\/li>\n<li>Bebauungsplan \u201cTackenberg\u201d, Sprockh\u00f6vel<\/li>\n<li>Bebauungsplan \u201cCommer Hof\u201d, Kaarst<\/li>\n<li>Bebauungsplan \u201cSteinsweg\u201d, Dortmund<\/li>\n<li>Bebauungsplan \u201cSiedlungsweg\u201d, Sprockh\u00f6vel<\/li>\n<li>Bebauungsplan \u201cSchwalbenweg\u201d, Witten a.d.Ruhr<\/li>\n<li>Bebauungsplan \u201cAm B\u00fcrenbach\u201d, Hilden i. Rheinland<\/li>\n<li>Bebauungsplan \u201cGewerbegebiet Friedlin\u201d, Herscheid<\/li>\n<li>Bebauungsplan \u201cHelenenbergweg\u201d, Witten a.d.Ruhr (2 ha)<\/li>\n<li>Bebauungsplan \u201cOpherdicke\u201d, Holzwickede<\/li>\n<li>Bebauungsplan \u201cBillmerich\u201d, Unna<\/li>\n<li>Bebauungsplan \u201cMamertusstra\u00dfe\u201d, Dortmund<\/li>\n<li>Bebauungsplan \u201cK\u00e4the-Kollwitz-Stra\u00dfe \/ Ammerstra\u00dfe\u201d, Dortmund<\/li>\n<li>Bebauungsplan \u201cBismarckstra\u00dfe\u201d, Unna<\/li>\n<\/ul>\n","protected":false},"excerpt":{"rendered":"<p>Projektauswahl Infrastruktur- und Erschlie\u00dfungskonzeptionen f\u00fcr Bebauungspl\u00e4ne Wohngebiet \u201eNord\u00f6stlich Heidk\u00e4mpe\u201c, Bad Oeynhausen, 2020 Industriegebiet \u201eM\u00fcnchener Stra\u00dfe\u201c, Sandersdorf-Brehna, 2020 Gewerbegebiet \u201eehem. STEAG-Kraftwerk\u201c, L\u00fcnen, 2019 Wohnbebauung \u201eEggenreuther Weg\u201c, Erlangen, 2019 Bebauungsplan Kuhloweg\/Hellweg, Iserlohn, 2009 Gewerbegebiet &#8222;Western Wiesen&#8220;, Delbr\u00fcck, 2009 Wohngebiet Friederich-Ebert-Stra\u00dfe, Witten, 2008 Bebauungsplan &#8222;Landsberge&#8220;, Sprockh\u00f6vel, 2008 Stadterweiterung Richtericher Dell, Aachen, 2007 Interregionaler Gewerbepark Marburg, Rheda-Wiedenbr\u00fcck\/Oelde, 2006 Gewerbegebiet [&hellip;]<\/p>\n","protected":false},"author":2,"featured_media":0,"parent":94,"menu_order":6,"comment_status":"open","ping_status":"open","template":"","meta":{"footnotes":""},"_links":{"self":[{"href":"https:\/\/kaiseringenieure.de\/index.php?rest_route=\/wp\/v2\/pages\/313"}],"collection":[{"href":"https:\/\/kaiseringenieure.de\/index.php?rest_route=\/wp\/v2\/pages"}],"about":[{"href":"https:\/\/kaiseringenieure.de\/index.php?rest_route=\/wp\/v2\/types\/page"}],"author":[{"embeddable":true,"href":"https:\/\/kaiseringenieure.de\/index.php?rest_route=\/wp\/v2\/users\/2"}],"replies":[{"embeddable":true,"href":"https:\/\/kaiseringenieure.de\/index.php?rest_route=%2Fwp%2Fv2%2Fcomments&post=313"}],"version-history":[{"count":5,"href":"https:\/\/kaiseringenieure.de\/index.php?rest_route=\/wp\/v2\/pages\/313\/revisions"}],"predecessor-version":[{"id":1049,"href":"https:\/\/kaiseringenieure.de\/index.php?rest_route=\/wp\/v2\/pages\/313\/revisions\/1049"}],"up":[{"embeddable":true,"href":"https:\/\/kaiseringenieure.de\/index.php?rest_route=\/wp\/v2\/pages\/94"}],"wp:attachment":[{"href":"https:\/\/kaiseringenieure.de\/index.php?rest_route=%2Fwp%2Fv2%2Fmedia&parent=313"}],"curies":[{"name":"wp","href":"https:\/\/api.w.org\/{rel}","templated":true}]}}