{"id":307,"date":"2009-12-10T12:13:21","date_gmt":"2009-12-10T11:13:21","guid":{"rendered":"http:\/\/www.hanseart.de\/test\/?page_id=307"},"modified":"2019-05-09T13:29:06","modified_gmt":"2019-05-09T12:29:06","slug":"rauminfrastruktur","status":"publish","type":"page","link":"https:\/\/kaiseringenieure.de\/?page_id=307","title":{"rendered":"Raum\/Infrastruktur (GIS)"},"content":{"rendered":"<p style=\"text-align: left;\"><strong>Projektauswahl R\u00e4umliche Informations- und Bewertungssysteme (GIS-Bearbeitung)<\/strong><\/p>\n<ul>\n<li>Entwicklung, Konzeption, GIS-technische Realisierung, Implementierung von Starkregengefahrenkarten<\/li>\n<\/ul>\n<blockquote>\n<ul>\n<li>Stadtgebiet Bottrop (2019)<\/li>\n<li>Stadtgebiet Oberhausen (2016)<\/li>\n<\/ul>\n<\/blockquote>\n<ul>\n<li>Bewirtschaftungsinformationssystem Regenwasser f\u00fcr das Einzugsgebiet der Emscher<br \/>\nGro\u00dfr\u00e4umige wasserwirtschaftliche Untersuchungen zum Befestigungsgrad, zum Abflussverhalten und zur Abflussoptimierung Differenzierung von Baustrukturen, Integration von Datenbest\u00e4nden zu geogenen Faktoren (Boden, Geologie, Topografie und Grundwasser)<br \/>\nDatenaufbereitung, Datenstrukturierung und -verschneidung, Ausweisung einzugsgebietsbezogener und baustrukturbezogener Abkopplungsgrobpotentiale, Erstellung Karten Layout und Erl\u00e4uterungsberichte<\/li>\n<li>Entwicklung einer Arbeitskarte zur Regenwasserbewirtschaftung f\u00fcr die Stadt Bad Salzuflen<br \/>\nKonzeptentwicklung, Datenaufbereitung, Datenstrukturierung und -verschneidung, Erstellung Karten Layout, Berichtserstellung und Einf\u00fchrung<\/li>\n<li>Entwicklung einer Arbeitskarte zum Regenwassermanagement f\u00fcr die Stadt Dortmund<br \/>\nKonzeptentwicklung, Datenaufbereitung, Datenstrukturierung und -verschneidung, Erstellung Karten Layout, Berichtserstellung und Einf\u00fchrung<\/li>\n<\/ul>\n<ul style=\"text-align: left;\">\n<li>Differenzierung der Baustrukturen, Ableitung der baublockbezogenen Abkopplungspotentiale, Datenaufbereitung, Datenstrukturierung und -verschneidung, Ausweisung einzugsgebietsbezogener und baustrukturbezogener Abkopplungspotentiale, Erstellung Karten Layout, Erstellung Erl\u00e4uterungsberichte:<\/li>\n<\/ul>\n<blockquote style=\"text-align: left;\">\n<ul style=\"text-align: left;\">\n<li>Einzugsgebiet Handbach, Oberhausen (1.700 ha)<\/li>\n<li>Einzugsgebiet Oberhausen-Osterfeld (300 ha)<\/li>\n<li>Einzugsgebiet Nassenkampgraben, Oberhausen (1.100 ha)<\/li>\n<li>Einzugsgebiet Duisburg-Nord, Duisburg (1.500 ha)<\/li>\n<li>Einzugsgebiet Alte Emscher West, Duisburg (2.200 ha)<\/li>\n<li>Einzugsgebiet Evinger Bach \/ Aalbach, Dortmund (2.800 ha)<\/li>\n<li>Einzugsgebiet Kleine Emscher, Duisburg (2.200 ha)<\/li>\n<li>Einzugsgebiet Oberhausen-Mitte, Oberhausen (1.800 ha)<\/li>\n<li>Einzugsgebiet Pausm\u00fchlenbach, Essen (600 ha)<\/li>\n<\/ul>\n<\/blockquote>\n<ul style=\"text-align: left;\">\n<li>Differenzierung der Baustrukturen, Datenaufbereitung, Datenstrukturierung und -verschneidung, Ausweisung einzugsgebietsbezogener und baustrukturbezogener Abkopplungsgrobpotentiale, Erstellung Karten Layout, Erstellung Erl\u00e4uterungsberichte:<\/li>\n<\/ul>\n<blockquote style=\"text-align: left;\">\n<ul>\n<li>Einzugsgebiet Sellmannsbach, Gelsenkirchen (1.100 ha)<\/li>\n<li>Einzugsgebiet Pumpwerk Horst, Gelsenkirchen (270 ha)<\/li>\n<li>Einzugsgebiet Pumpwerk He\u00dfler, Gelsenkirchen (240 ha)<\/li>\n<li>Einzugsgebiet Groppenbach, Dortmund\/Waltrop\/Castrop-Rauxel (250 ha)<\/li>\n<li>Einzugsgebiet Pumpwerk Karnap, Essen (125 ha)<\/li>\n<li>Einzugsgebiet Rahmd\u00f6rne\/-graben, Essen (300 ha)<\/li>\n<li>Einzugsgebiet Marbach\/Hofsteder Bach, Bochum (3.000 ha)<\/li>\n<li>Einzugsgebiet Quellbach, Recklinghausen (3.200 ha)<\/li>\n<li>Einzugsgebiet Dorneburger Bach, Bochum\/Herne (1.000 ha)<\/li>\n<li>Einzugsgebiet Goldhammer Bach, Bochum (1.700 ha)<\/li>\n<li>Einzugsgebiet Herdicksbach, Waltrop (1.500 ha)<\/li>\n<li>Einzugsgebiet Bodelschwingher \/ Herrentheyer Bach, Dortmund (2.600 ha)<\/li>\n<li>Einzugsgebiet Ro\u00dfbach-Ost, Dortmund (1.400 ha)<\/li>\n<li>Einzugsgebiet Ro\u00dfbach-West, Dortmund (2.300 ha)<\/li>\n<li>Einzugsgebiet R\u00fcpingsbach-West, Witten\/Dortmund (2.300 ha)<\/li>\n<li>Einzugsgebiet Groppenbach, Dortmund\/Waltrop (600 ha)<\/li>\n<li>Einzugsgebiet R\u00fcpingsbach Ost, Dortmund (1.500 ha)<\/li>\n<li>Einzugsgebiet Kirchh\u00f6rder Bach \/ Olpkebach, Dortmund (2.000 ha)<\/li>\n<li>Einzugsgebiet H\u00f6rder Bach, Dortmund (1.500 ha)<\/li>\n<li>Einzugsgebiet Emscher Oberlauf-West, Dortmund (1.400 ha)<\/li>\n<li>Einzugsgebiet Emscher Oberlauf-Ost, Holzwickede (1.200 ha)<\/li>\n<\/ul>\n<\/blockquote>\n<p style=\"text-align: left;\">\n","protected":false},"excerpt":{"rendered":"<p>Projektauswahl R\u00e4umliche Informations- und Bewertungssysteme (GIS-Bearbeitung) Entwicklung, Konzeption, GIS-technische Realisierung, Implementierung von Starkregengefahrenkarten Stadtgebiet Bottrop (2019) Stadtgebiet Oberhausen (2016) Bewirtschaftungsinformationssystem Regenwasser f\u00fcr das Einzugsgebiet der Emscher Gro\u00dfr\u00e4umige wasserwirtschaftliche Untersuchungen zum Befestigungsgrad, zum Abflussverhalten und zur Abflussoptimierung Differenzierung von Baustrukturen, Integration von Datenbest\u00e4nden zu geogenen Faktoren (Boden, Geologie, Topografie und Grundwasser) Datenaufbereitung, Datenstrukturierung und -verschneidung, Ausweisung [&hellip;]<\/p>\n","protected":false},"author":2,"featured_media":0,"parent":94,"menu_order":8,"comment_status":"open","ping_status":"open","template":"","meta":{"footnotes":""},"_links":{"self":[{"href":"https:\/\/kaiseringenieure.de\/index.php?rest_route=\/wp\/v2\/pages\/307"}],"collection":[{"href":"https:\/\/kaiseringenieure.de\/index.php?rest_route=\/wp\/v2\/pages"}],"about":[{"href":"https:\/\/kaiseringenieure.de\/index.php?rest_route=\/wp\/v2\/types\/page"}],"author":[{"embeddable":true,"href":"https:\/\/kaiseringenieure.de\/index.php?rest_route=\/wp\/v2\/users\/2"}],"replies":[{"embeddable":true,"href":"https:\/\/kaiseringenieure.de\/index.php?rest_route=%2Fwp%2Fv2%2Fcomments&post=307"}],"version-history":[{"count":9,"href":"https:\/\/kaiseringenieure.de\/index.php?rest_route=\/wp\/v2\/pages\/307\/revisions"}],"predecessor-version":[{"id":858,"href":"https:\/\/kaiseringenieure.de\/index.php?rest_route=\/wp\/v2\/pages\/307\/revisions\/858"}],"up":[{"embeddable":true,"href":"https:\/\/kaiseringenieure.de\/index.php?rest_route=\/wp\/v2\/pages\/94"}],"wp:attachment":[{"href":"https:\/\/kaiseringenieure.de\/index.php?rest_route=%2Fwp%2Fv2%2Fmedia&parent=307"}],"curies":[{"name":"wp","href":"https:\/\/api.w.org\/{rel}","templated":true}]}}