{"id":227,"date":"2009-12-01T10:03:25","date_gmt":"2009-12-01T09:03:25","guid":{"rendered":"http:\/\/www.hanseart.de\/test\/?page_id=227"},"modified":"2010-12-03T14:20:38","modified_gmt":"2010-12-03T13:20:38","slug":"geo-hydrologische-gutachten","status":"publish","type":"page","link":"https:\/\/kaiseringenieure.de\/?page_id=227","title":{"rendered":"Geo-Hydrologische Gutachten"},"content":{"rendered":"<p style=\"text-align: left;\">Um die M\u00f6glichkeiten einer dezentralen             Regenwasserbewirtschaftung qualifiziert beurteilen zu k\u00f6nnen, ist             eine differenzierte Erhebung der geo-hydrologischen Daten notwendig.<\/p>\n<p style=\"text-align: left;\">Zur Ermittlung der Versickerungsf\u00e4higkeit des Bodens werden             Methoden wie Open-End-Tests, Doppelringinfiltrometer-,             Schurfversickerungs- oder Bohrlochtestverfahren angewendet.             Vertikale Bodenaufschl\u00fcsse zeigen Schichtaufbauten und Grundwasserst\u00e4nde.             Auf diese Weise k\u00f6nnen die M\u00f6glichkeiten f\u00fcr eine dezentrale und             kosteng\u00fcnstige Niederschlagsentw\u00e4sserung gezielt ausgelotet werden, g\u00e4ngige Baugrunduntersuchungen reichen daf\u00fcr meist nicht aus. <strong><\/strong><\/p>\n<p style=\"text-align: left;\"><strong>Kaiser<\/strong>Ingenieure             f\u00fchrt die erforderlichen Felderhebungen durch, wertet die Daten aus             und erstellt Gutachten.<\/p>\n<p><a href=\"https:\/\/kaiseringenieure.de\/?page_id=618\">&raquo; Referenzen Geo-Hydrologische Gutachten<\/a><\/p>\n","protected":false},"excerpt":{"rendered":"<p>Um die M\u00f6glichkeiten einer dezentralen Regenwasserbewirtschaftung qualifiziert beurteilen zu k\u00f6nnen, ist eine differenzierte Erhebung der geo-hydrologischen Daten notwendig. Zur Ermittlung der Versickerungsf\u00e4higkeit des Bodens werden Methoden wie Open-End-Tests, Doppelringinfiltrometer-, Schurfversickerungs- oder Bohrlochtestverfahren angewendet. Vertikale Bodenaufschl\u00fcsse zeigen Schichtaufbauten und Grundwasserst\u00e4nde. Auf diese Weise k\u00f6nnen die M\u00f6glichkeiten f\u00fcr eine dezentrale und kosteng\u00fcnstige Niederschlagsentw\u00e4sserung gezielt ausgelotet werden, g\u00e4ngige [&hellip;]<\/p>\n","protected":false},"author":2,"featured_media":0,"parent":0,"menu_order":5,"comment_status":"open","ping_status":"open","template":"","meta":{"footnotes":""},"_links":{"self":[{"href":"https:\/\/kaiseringenieure.de\/index.php?rest_route=\/wp\/v2\/pages\/227"}],"collection":[{"href":"https:\/\/kaiseringenieure.de\/index.php?rest_route=\/wp\/v2\/pages"}],"about":[{"href":"https:\/\/kaiseringenieure.de\/index.php?rest_route=\/wp\/v2\/types\/page"}],"author":[{"embeddable":true,"href":"https:\/\/kaiseringenieure.de\/index.php?rest_route=\/wp\/v2\/users\/2"}],"replies":[{"embeddable":true,"href":"https:\/\/kaiseringenieure.de\/index.php?rest_route=%2Fwp%2Fv2%2Fcomments&post=227"}],"version-history":[{"count":2,"href":"https:\/\/kaiseringenieure.de\/index.php?rest_route=\/wp\/v2\/pages\/227\/revisions"}],"predecessor-version":[{"id":696,"href":"https:\/\/kaiseringenieure.de\/index.php?rest_route=\/wp\/v2\/pages\/227\/revisions\/696"}],"wp:attachment":[{"href":"https:\/\/kaiseringenieure.de\/index.php?rest_route=%2Fwp%2Fv2%2Fmedia&parent=227"}],"curies":[{"name":"wp","href":"https:\/\/api.w.org\/{rel}","templated":true}]}}