{"id":221,"date":"2009-12-01T10:00:47","date_gmt":"2009-12-01T09:00:47","guid":{"rendered":"http:\/\/www.hanseart.de\/test\/?page_id=221"},"modified":"2010-12-03T14:17:28","modified_gmt":"2010-12-03T13:17:28","slug":"uberflutungsschutz","status":"publish","type":"page","link":"https:\/\/kaiseringenieure.de\/?page_id=221","title":{"rendered":"\u00dcberflutungsschutz"},"content":{"rendered":"<p style=\"text-align: left;\">Kleinr\u00e4umige, sehr heftige Starkregen-Ereignisse haben in der j\u00fcngeren Vergangenheit bei einer Vielzahl von Grundst\u00fccken und Geb\u00e4uden zu \u00dcberflutungssch\u00e4den gef\u00fchrt. Die Niederschlagsintensit\u00e4ten und \u2013mengen lassen sich dabei mit konventionellen Entw\u00e4sserungstechniken nicht sicher beherrschen.<\/p>\n<p style=\"text-align: left;\">In den Fokus r\u00fccken hier die Vorhaltung oberfl\u00e4chiger R\u00fcckhaltevolumina und die Ausbildung von sog. Notwasserwegen.<\/p>\n<p style=\"text-align: left;\"><strong>Kaiser<\/strong>Ingenieure ermittelt die vor Ort gegebene \u00dcberflutungsgef\u00e4hrdung, leitet daraus erforderliche \u00dcberflutungsschutzma\u00dfnahmen ab, plant diese (LP 1-7) und begleitet deren Realisierung (LP 8+9). In den vergangenen Jahren haben wir eine Reihe gr\u00f6\u00dferer Liegenschaften aus dem Bereich Gewerbe, Verwaltung, Wohnen und Hochschulbau bearbeitet.<\/p>\n<p><a href=\"https:\/\/kaiseringenieure.de\/?page_id=415\">&raquo; Referenzen \u00dcberflutungsschutz<\/a><\/p>\n","protected":false},"excerpt":{"rendered":"<p>Kleinr\u00e4umige, sehr heftige Starkregen-Ereignisse haben in der j\u00fcngeren Vergangenheit bei einer Vielzahl von Grundst\u00fccken und Geb\u00e4uden zu \u00dcberflutungssch\u00e4den gef\u00fchrt. Die Niederschlagsintensit\u00e4ten und \u2013mengen lassen sich dabei mit konventionellen Entw\u00e4sserungstechniken nicht sicher beherrschen. In den Fokus r\u00fccken hier die Vorhaltung oberfl\u00e4chiger R\u00fcckhaltevolumina und die Ausbildung von sog. Notwasserwegen. KaiserIngenieure ermittelt die vor Ort gegebene \u00dcberflutungsgef\u00e4hrdung, leitet [&hellip;]<\/p>\n","protected":false},"author":2,"featured_media":0,"parent":0,"menu_order":5,"comment_status":"open","ping_status":"open","template":"","meta":{"footnotes":""},"_links":{"self":[{"href":"https:\/\/kaiseringenieure.de\/index.php?rest_route=\/wp\/v2\/pages\/221"}],"collection":[{"href":"https:\/\/kaiseringenieure.de\/index.php?rest_route=\/wp\/v2\/pages"}],"about":[{"href":"https:\/\/kaiseringenieure.de\/index.php?rest_route=\/wp\/v2\/types\/page"}],"author":[{"embeddable":true,"href":"https:\/\/kaiseringenieure.de\/index.php?rest_route=\/wp\/v2\/users\/2"}],"replies":[{"embeddable":true,"href":"https:\/\/kaiseringenieure.de\/index.php?rest_route=%2Fwp%2Fv2%2Fcomments&post=221"}],"version-history":[{"count":1,"href":"https:\/\/kaiseringenieure.de\/index.php?rest_route=\/wp\/v2\/pages\/221\/revisions"}],"predecessor-version":[{"id":641,"href":"https:\/\/kaiseringenieure.de\/index.php?rest_route=\/wp\/v2\/pages\/221\/revisions\/641"}],"wp:attachment":[{"href":"https:\/\/kaiseringenieure.de\/index.php?rest_route=%2Fwp%2Fv2%2Fmedia&parent=221"}],"curies":[{"name":"wp","href":"https:\/\/api.w.org\/{rel}","templated":true}]}}