{"id":18,"date":"2009-02-19T14:23:11","date_gmt":"2009-02-19T13:23:11","guid":{"rendered":"http:\/\/localhost\/?page_id=18"},"modified":"2021-04-01T13:18:40","modified_gmt":"2021-04-01T12:18:40","slug":"kontakt-und-impressum","status":"publish","type":"page","link":"https:\/\/kaiseringenieure.de\/?page_id=18","title":{"rendered":"Impressum &#038; Kontakt"},"content":{"rendered":"<p><strong>Angaben gem. $5 TMG:<\/strong><\/p>\n<p style=\"text-align: left;\"><strong>Kaiser<\/strong>Ingenieure<br \/>\nR\u00e4ume erschlie\u00dfen. Wasser bewirtschaften. Umwelt bewahren.<br \/>\nGutenbergstra\u00dfe 34<br \/>\n44139 Dortmund<\/p>\n<p style=\"text-align: left;\"><strong>Vertreten durch:<\/strong><br \/>\nProf. Dr. Ing. Mathias Kaiser<br data-mce-fragment=\"1\" \/>Mitglied der <a href=\"http:\/\/www.ikbaunrw.de\/\" target=\"_blank\" rel=\"noopener noreferrer\" data-mce-fragment=\"1\">Ing. Kammer Bau NRW<\/a>, <a href=\"http:\/\/www.aknw.de\/\" target=\"_blank\" rel=\"noopener noreferrer\" data-mce-fragment=\"1\">Architektenkammer NRW (AKNW)<\/a><\/p>\n<p style=\"text-align: left;\"><strong>Kontakt:<\/strong><br \/>\nTel.: 0231 \/ 55 71 01 &#8211; 0<br \/>\nFax: 0231 \/ 55 71 01 &#8211; 30<br \/>\nE-Mail: info@kaiseringenieure.de<\/p>\n<p style=\"text-align: left;\"><strong>Berufsrechtliche Regelungen:<\/strong><br \/>\nIngenieurkammer-Bau &#8211; Baukammerngesetz\u00a0(BauKaG NRW)<br \/>\nSatzung der Ingenieurkammer-Bau NRW<br \/>\nDurchf\u00fchrungsverordnung zum BauKG NW\u00a0(DVO BauKaG NW)<br \/>\nSatzung der Architektenkammer Nordrhein-Westfalen<br \/>\nVerordnung \u00fcber die Honorare f\u00fcr Leistungen der Architekten und der Ingenieure: Honorarordnung f\u00fcr Architekten und Ingenieure\u00a0(HOAI)<\/p>\n<p style=\"text-align: left;\"><strong>Inhaltlich Verantwortlich f\u00fcr den Inhalt gem\u00e4\u00df \u00a7 55 Abs. 2 RStV:<\/strong><br \/>\nProf. Dr. Ing. Mathias Kaiser<\/p>\n<p><strong>Streitschlichtung:<\/strong><br \/>\nDie Europ\u00e4ische Kommission stellt eine Plattform f\u00fcr Online-Streitbeilegung (OS) bereit:<br \/>\nhttps:\/\/ec.europa.eu\/consumers\/odr<br \/>\nUnsere E-Mail-Adresse finden Sie oben im Impressum.<\/p>\n<p>Wir sind nicht bereit oder verpflichtet, an Streitbeilegungsverfahren vor einer Verbraucherschlichtungsstelle teilzunehmen.<\/p>\n<p>&nbsp;<\/p>\n<p><strong>Haftung f\u00fcr Inhalte:<\/strong><\/p>\n<p style=\"text-align: left;\">Prof. Dr. Mathias Kaiser pr\u00fcft und aktualisiert die Informationen auf seinen Webseiten st\u00e4ndig. Trotz aller Sorgfalt k\u00f6nnen sich Daten und Informationen jeglicher Art inzwischen ver\u00e4ndert haben. Eine Haftung, Garantie oder sonstiges Einstehen f\u00fcr die Aktualit\u00e4t, Richtigkeit und Vollst\u00e4ndigkeit der zur Verf\u00fcgung gestellten Informationen kann daher nicht \u00fcbernommen werden. Gleiches gilt auch f\u00fcr alle anderen Webseiten, auf die direkt mittels Hyperlink oder in sonstiger Weise verwiesen wird. Prof. Dr. Mathias Kaiser ist f\u00fcr den Inhalt der Webseiten, die aufgrund einer solchen Verbindung oder Hinweis erreicht werden, nicht verantwortlich.<\/p>\n<p style=\"text-align: left;\">Prof. Dr. Mathias Kaiser lehnt ausdr\u00fccklich jegliche Form der Haftung (ob Vertragshaftung, Deliktshaftung, Gef\u00e4hrdungshaftung oder sonstiger Haftung f\u00fcr direkten oder indirekten Schadensersatz, Ersatz des beil\u00e4ufig entstandenen Schadens, Strafe einschlie\u00dflich Schadensersatz oder konkrete Sch\u00e4den, die daraus resultieren oder in Zusammenhang damit stehen, dass die Webseiten von Prof. Dr. Mathias Kaiser aufgerufen, benutzt oder nicht benutzt werden k\u00f6nnen, oder mit einem Leitungsausfall, einer Unterbrechung, einem Defekt, einer \u00dcbertragungsverz\u00f6gerung, einem Computervirus oder sonstigen sch\u00e4dlichen Elementen oder einem Leitungs- und Systemausfall in Zusammenhang mit den Webseiten von Prof. Dr. Mathias Kaiser, unabh\u00e4ngig davon, ob Prof. Dr. Mathias Kaiser sich der M\u00f6glichkeiten solcher Sch\u00e4den bewusst war oder nicht) ab.<\/p>\n<p style=\"text-align: left;\">Des Weiteren beh\u00e4lt sich Prof. Dr. Mathias Kaiser das Recht vor, jederzeit \u00c4nderungen oder Erg\u00e4nzungen der bereitgestellten Informationen vorzunehmen.<\/p>\n<p style=\"text-align: left;\">Inhalt, Struktur und Gestaltung der Webseiten von Prof. Dr. Mathias Kaiser sind urheberrechtlich gesch\u00fctzt. Die Vervielf\u00e4ltigung, \u00c4nderung, Darstellung, Verbreitung, \u00dcbermittlung, Ver\u00f6ffentlichung, Verkauf, Lizenzierung, Bearbeitung, Verfremdung oder Nutzung von Informationen oder Daten f\u00fcr welche Zwecke auch immer, insbesondere die Verwendung von Texten, Textteilen oder Bildmaterial, bedarf der vorherigen schriftlichen Zustimmung von Prof. Dr. Mathias Kaiser.<\/p>\n","protected":false},"excerpt":{"rendered":"<p>Angaben gem. $5 TMG: KaiserIngenieure R\u00e4ume erschlie\u00dfen. Wasser bewirtschaften. Umwelt bewahren. Gutenbergstra\u00dfe 34 44139 Dortmund Vertreten durch: Prof. Dr. Ing. Mathias KaiserMitglied der Ing. Kammer Bau NRW, Architektenkammer NRW (AKNW) Kontakt: Tel.: 0231 \/ 55 71 01 &#8211; 0 Fax: 0231 \/ 55 71 01 &#8211; 30 E-Mail: info@kaiseringenieure.de Berufsrechtliche Regelungen: Ingenieurkammer-Bau &#8211; Baukammerngesetz\u00a0(BauKaG NRW) [&hellip;]<\/p>\n","protected":false},"author":2,"featured_media":0,"parent":0,"menu_order":8,"comment_status":"closed","ping_status":"closed","template":"","meta":{"footnotes":""},"_links":{"self":[{"href":"https:\/\/kaiseringenieure.de\/index.php?rest_route=\/wp\/v2\/pages\/18"}],"collection":[{"href":"https:\/\/kaiseringenieure.de\/index.php?rest_route=\/wp\/v2\/pages"}],"about":[{"href":"https:\/\/kaiseringenieure.de\/index.php?rest_route=\/wp\/v2\/types\/page"}],"author":[{"embeddable":true,"href":"https:\/\/kaiseringenieure.de\/index.php?rest_route=\/wp\/v2\/users\/2"}],"replies":[{"embeddable":true,"href":"https:\/\/kaiseringenieure.de\/index.php?rest_route=%2Fwp%2Fv2%2Fcomments&post=18"}],"version-history":[{"count":9,"href":"https:\/\/kaiseringenieure.de\/index.php?rest_route=\/wp\/v2\/pages\/18\/revisions"}],"predecessor-version":[{"id":888,"href":"https:\/\/kaiseringenieure.de\/index.php?rest_route=\/wp\/v2\/pages\/18\/revisions\/888"}],"wp:attachment":[{"href":"https:\/\/kaiseringenieure.de\/index.php?rest_route=%2Fwp%2Fv2%2Fmedia&parent=18"}],"curies":[{"name":"wp","href":"https:\/\/api.w.org\/{rel}","templated":true}]}}